{"id":17626,"date":"2022-11-22T18:32:36","date_gmt":"2022-11-22T16:32:36","guid":{"rendered":"https:\/\/burgerscoici.ro\/delivery\/?post_type=product&#038;p=17626"},"modified":"2022-12-02T15:05:09","modified_gmt":"2022-12-02T13:05:09","slug":"choco-muse-cozonac-insiropat-cu-vinars-si-ciocolata-belgiana-1kg","status":"publish","type":"product","link":"https:\/\/burgerscoici.ro\/delivery\/product\/choco-muse-cozonac-insiropat-cu-vinars-si-ciocolata-belgiana-1kg\/","title":{"rendered":"CHOCO MUSE-Cozonac insiropat cu vinars si ciocolata belgiana &#8212; 1kg"},"content":{"rendered":"<p>&nbsp;<\/p>\n<p>&nbsp;<\/p>\n<p>&nbsp;<\/p>\n<p>&nbsp;<\/p>\n","protected":false},"excerpt":{"rendered":"<p><em>De Craciun, rasfata-te alaturi de cei dragi cu Choco Muse. Bogat in umplutura si bine insiropat, Choco Muse este desertul perfect pentru momentele speciale.<\/em><\/p>\n<p>Choco Muse se comanda cu minin 48h in avans!<\/p>\n<p>Cu ingrediente atent alese \u0219i de cea mai buna calitate, folosim oua proaspete, lapte gras, unt belgian 80% grasime,pulbere de cacao belgiana Barry Callebaut, nuca proaspata si arome atent selec\u021bionate.<\/p>\n<p>Dospit cu aten\u021bie \u0219i grija \u00een diferite trepte de temperatura \u0219i diferi\u021bi timpi,cozonacul nostru este gata de copt dup\u0103 aproximativ 13 ore de munca , fiind \u00een final gata de a\u0219ezat pe masa dupa \u00eenc\u0103 12 ore, timp \u00een care toate aromele si siropul de vinars se imbina perfect.<\/p>\n<p><strong>1 kg.<\/strong><\/p>\n<p>Ingrediente: Faina, lapte 3.5% grasime, unt belgian ,oua, extract vanilie, arome, nuca proaspata, pulbere cacao Barry Callebaut, vinars, drojdie proaspata, zahar, sare<\/p>\n<p>\u2713 Livrare incepand din 5 decembrie.<br \/>\n\u2713 Livrarea este realizata cu flota proprie, in Bucuresti si Ilfov.<br \/>\n\u2713 Comenzile de Craciun se preiau pana pe 23 decembrie, iar cele pentru Revelion pana pe 29 decembrie 2022.<br \/>\n\u2713 Ultima zi in care asiguram livrare pentru Craciun este 23 decembrie, iar pentru Revelion este 30 decembrie.<br \/>\n\u2713 Comanda minima pentru livrare este de 120 lei, iar costul pentru livrare in Bucuresti este 35 lei, pentru Ilfov 49 lei.<br \/>\n\u2713 Asiguram livrare pentru Bucuresti si Ilfov, in urmatoarele localitati: Pantelimon, Dobroesti, Chiajna, Bragadiru, Popesti Leordeni, Voluntari, Chitila, Corbeanca, Buftea, Afumati, Tunari, Otopeni, Mogosoaia, Pipera, costul de livrare fiind de 49 lei.<\/p>\n<p>*Pozele sunt cu titlu de prezentare.<br \/>\nLivrare se face in ambalaje de unica folosinta.<br \/>\nProdusele sunt facute manual si livrate reci. Decorarea lor difera de la un preparat la altul.<\/p>\n<div>\n<p>&nbsp;<\/p>\n<\/div>\n","protected":false},"featured_media":17643,"comment_status":"open","ping_status":"closed","template":"","meta":[],"product_cat":[406],"product_tag":[],"yoast_head":"<!-- This site is optimized with the Yoast SEO plugin v19.4 - https:\/\/yoast.com\/wordpress\/plugins\/seo\/ -->\n<title>CHOCO MUSE-Cozonac insiropat cu vinars si ciocolata belgiana -- 1kg | Burger si Scoici Delivery<\/title>\n<meta name=\"robots\" content=\"index, follow, max-snippet:-1, max-image-preview:large, max-video-preview:-1\" \/>\n<link rel=\"canonical\" href=\"https:\/\/burgerscoici.ro\/delivery\/product\/choco-muse-cozonac-insiropat-cu-vinars-si-ciocolata-belgiana-1kg\/\" \/>\n<meta property=\"og:locale\" content=\"ro_RO\" \/>\n<meta property=\"og:type\" content=\"article\" \/>\n<meta property=\"og:title\" content=\"CHOCO MUSE-Cozonac insiropat cu vinars si ciocolata belgiana -- 1kg | Burger si Scoici Delivery\" \/>\n<meta property=\"og:description\" content=\"De Craciun, rasfata-te alaturi de cei dragi cu Choco Muse. Bogat in umplutura si bine insiropat, Choco Muse este desertul perfect pentru momentele speciale.  Choco Muse se comanda cu minin 48h in avans!  Cu ingrediente atent alese \u0219i de cea mai buna calitate, folosim oua proaspete, lapte gras, unt belgian 80% grasime,pulbere de cacao belgiana Barry Callebaut, nuca proaspata si arome atent selec\u021bionate.  Dospit cu aten\u021bie \u0219i grija \u00een diferite trepte de temperatura \u0219i diferi\u021bi timpi,cozonacul nostru este gata de copt dup\u0103 aproximativ 13 ore de munca , fiind \u00een final gata de a\u0219ezat pe masa dupa \u00eenc\u0103 12 ore, timp \u00een care toate aromele si siropul de vinars se imbina perfect.  1 kg.  Ingrediente: Faina, lapte 3.5% grasime, unt belgian ,oua, extract vanilie, arome, nuca proaspata, pulbere cacao Barry Callebaut, vinars, drojdie proaspata, zahar, sare  \u2713 Livrare incepand din 5 decembrie. \u2713 Livrarea este realizata cu flota proprie, in Bucuresti si Ilfov. \u2713 Comenzile de Craciun se preiau pana pe 23 decembrie, iar cele pentru Revelion pana pe 29 decembrie 2022. \u2713 Ultima zi in care asiguram livrare pentru Craciun este 23 decembrie, iar pentru Revelion este 30 decembrie. \u2713 Comanda minima pentru livrare este de 120 lei, iar costul pentru livrare in Bucuresti este 35 lei, pentru Ilfov 49 lei. \u2713 Asiguram livrare pentru Bucuresti si Ilfov, in urmatoarele localitati: Pantelimon, Dobroesti, Chiajna, Bragadiru, Popesti Leordeni, Voluntari, Chitila, Corbeanca, Buftea, Afumati, Tunari, Otopeni, Mogosoaia, Pipera, costul de livrare fiind de 49 lei.  *Pozele sunt cu titlu de prezentare. Livrare se face in ambalaje de unica folosinta. Produsele sunt facute manual si livrate reci. Decorarea lor difera de la un preparat la altul.   &nbsp;\" \/>\n<meta property=\"og:url\" content=\"https:\/\/burgerscoici.ro\/delivery\/product\/choco-muse-cozonac-insiropat-cu-vinars-si-ciocolata-belgiana-1kg\/\" \/>\n<meta property=\"og:site_name\" content=\"Burger si Scoici Delivery\" \/>\n<meta property=\"article:publisher\" content=\"https:\/\/www.facebook.com\/burgersiscoici\" \/>\n<meta property=\"article:modified_time\" content=\"2022-12-02T13:05:09+00:00\" \/>\n<meta property=\"og:image\" content=\"https:\/\/burgerscoici.ro\/delivery\/wp-content\/uploads\/2022\/11\/Choco-Muse-600.jpg\" \/>\n\t<meta property=\"og:image:width\" content=\"600\" \/>\n\t<meta property=\"og:image:height\" content=\"600\" \/>\n\t<meta property=\"og:image:type\" content=\"image\/jpeg\" \/>\n<meta name=\"twitter:card\" content=\"summary_large_image\" \/>\n<script type=\"application\/ld+json\" class=\"yoast-schema-graph\">{\"@context\":\"https:\/\/schema.org\",\"@graph\":[{\"@type\":\"Organization\",\"@id\":\"https:\/\/burgerscoici.ro\/delivery\/#organization\",\"name\":\"Burger si Scoici\",\"url\":\"https:\/\/burgerscoici.ro\/delivery\/\",\"sameAs\":[\"https:\/\/www.instagram.com\/burgersiscoici\/\",\"https:\/\/www.facebook.com\/burgersiscoici\"],\"logo\":{\"@type\":\"ImageObject\",\"inLanguage\":\"ro-RO\",\"@id\":\"https:\/\/burgerscoici.ro\/delivery\/#\/schema\/logo\/image\/\",\"url\":\"https:\/\/burgerscoici.ro\/delivery\/wp-content\/uploads\/2021\/10\/cropped-logo_2x_black.png\",\"contentUrl\":\"https:\/\/burgerscoici.ro\/delivery\/wp-content\/uploads\/2021\/10\/cropped-logo_2x_black.png\",\"width\":241,\"height\":99,\"caption\":\"Burger si Scoici\"},\"image\":{\"@id\":\"https:\/\/burgerscoici.ro\/delivery\/#\/schema\/logo\/image\/\"}},{\"@type\":\"WebSite\",\"@id\":\"https:\/\/burgerscoici.ro\/delivery\/#website\",\"url\":\"https:\/\/burgerscoici.ro\/delivery\/\",\"name\":\"Burger Scoici Delivery\",\"description\":\"Delivery Bucuresti\",\"publisher\":{\"@id\":\"https:\/\/burgerscoici.ro\/delivery\/#organization\"},\"potentialAction\":[{\"@type\":\"SearchAction\",\"target\":{\"@type\":\"EntryPoint\",\"urlTemplate\":\"https:\/\/burgerscoici.ro\/delivery\/?s={search_term_string}\"},\"query-input\":\"required name=search_term_string\"}],\"inLanguage\":\"ro-RO\"},{\"@type\":\"WebPage\",\"@id\":\"https:\/\/burgerscoici.ro\/delivery\/product\/choco-muse-cozonac-insiropat-cu-vinars-si-ciocolata-belgiana-1kg\/\",\"url\":\"https:\/\/burgerscoici.ro\/delivery\/product\/choco-muse-cozonac-insiropat-cu-vinars-si-ciocolata-belgiana-1kg\/\",\"name\":\"CHOCO MUSE-Cozonac insiropat cu vinars si ciocolata belgiana -- 1kg | Burger si Scoici Delivery\",\"isPartOf\":{\"@id\":\"https:\/\/burgerscoici.ro\/delivery\/#website\"},\"datePublished\":\"2022-11-22T16:32:36+00:00\",\"dateModified\":\"2022-12-02T13:05:09+00:00\",\"breadcrumb\":{\"@id\":\"https:\/\/burgerscoici.ro\/delivery\/product\/choco-muse-cozonac-insiropat-cu-vinars-si-ciocolata-belgiana-1kg\/#breadcrumb\"},\"inLanguage\":\"ro-RO\",\"potentialAction\":[{\"@type\":\"ReadAction\",\"target\":[\"https:\/\/burgerscoici.ro\/delivery\/product\/choco-muse-cozonac-insiropat-cu-vinars-si-ciocolata-belgiana-1kg\/\"]}]},{\"@type\":\"BreadcrumbList\",\"@id\":\"https:\/\/burgerscoici.ro\/delivery\/product\/choco-muse-cozonac-insiropat-cu-vinars-si-ciocolata-belgiana-1kg\/#breadcrumb\",\"itemListElement\":[{\"@type\":\"ListItem\",\"position\":1,\"name\":\"Prima pagin\u0103\",\"item\":\"https:\/\/burgerscoici.ro\/delivery\/\"},{\"@type\":\"ListItem\",\"position\":2,\"name\":\"Shop\",\"item\":\"https:\/\/burgerscoici.ro\/delivery\/shop\/\"},{\"@type\":\"ListItem\",\"position\":3,\"name\":\"CHOCO MUSE-Cozonac insiropat cu vinars si ciocolata belgiana &#8212; 1kg\"}]}]}<\/script>\n<!-- \/ Yoast SEO plugin. -->","yoast_head_json":{"title":"CHOCO MUSE-Cozonac insiropat cu vinars si ciocolata belgiana -- 1kg | Burger si Scoici Delivery","robots":{"index":"index","follow":"follow","max-snippet":"max-snippet:-1","max-image-preview":"max-image-preview:large","max-video-preview":"max-video-preview:-1"},"canonical":"https:\/\/burgerscoici.ro\/delivery\/product\/choco-muse-cozonac-insiropat-cu-vinars-si-ciocolata-belgiana-1kg\/","og_locale":"ro_RO","og_type":"article","og_title":"CHOCO MUSE-Cozonac insiropat cu vinars si ciocolata belgiana -- 1kg | Burger si Scoici Delivery","og_description":"De Craciun, rasfata-te alaturi de cei dragi cu Choco Muse. Bogat in umplutura si bine insiropat, Choco Muse este desertul perfect pentru momentele speciale.  Choco Muse se comanda cu minin 48h in avans!  Cu ingrediente atent alese \u0219i de cea mai buna calitate, folosim oua proaspete, lapte gras, unt belgian 80% grasime,pulbere de cacao belgiana Barry Callebaut, nuca proaspata si arome atent selec\u021bionate.  Dospit cu aten\u021bie \u0219i grija \u00een diferite trepte de temperatura \u0219i diferi\u021bi timpi,cozonacul nostru este gata de copt dup\u0103 aproximativ 13 ore de munca , fiind \u00een final gata de a\u0219ezat pe masa dupa \u00eenc\u0103 12 ore, timp \u00een care toate aromele si siropul de vinars se imbina perfect.  1 kg.  Ingrediente: Faina, lapte 3.5% grasime, unt belgian ,oua, extract vanilie, arome, nuca proaspata, pulbere cacao Barry Callebaut, vinars, drojdie proaspata, zahar, sare  \u2713 Livrare incepand din 5 decembrie. \u2713 Livrarea este realizata cu flota proprie, in Bucuresti si Ilfov. \u2713 Comenzile de Craciun se preiau pana pe 23 decembrie, iar cele pentru Revelion pana pe 29 decembrie 2022. \u2713 Ultima zi in care asiguram livrare pentru Craciun este 23 decembrie, iar pentru Revelion este 30 decembrie. \u2713 Comanda minima pentru livrare este de 120 lei, iar costul pentru livrare in Bucuresti este 35 lei, pentru Ilfov 49 lei. \u2713 Asiguram livrare pentru Bucuresti si Ilfov, in urmatoarele localitati: Pantelimon, Dobroesti, Chiajna, Bragadiru, Popesti Leordeni, Voluntari, Chitila, Corbeanca, Buftea, Afumati, Tunari, Otopeni, Mogosoaia, Pipera, costul de livrare fiind de 49 lei.  *Pozele sunt cu titlu de prezentare. Livrare se face in ambalaje de unica folosinta. Produsele sunt facute manual si livrate reci. Decorarea lor difera de la un preparat la altul.   &nbsp;","og_url":"https:\/\/burgerscoici.ro\/delivery\/product\/choco-muse-cozonac-insiropat-cu-vinars-si-ciocolata-belgiana-1kg\/","og_site_name":"Burger si Scoici Delivery","article_publisher":"https:\/\/www.facebook.com\/burgersiscoici","article_modified_time":"2022-12-02T13:05:09+00:00","og_image":[{"width":600,"height":600,"url":"https:\/\/burgerscoici.ro\/delivery\/wp-content\/uploads\/2022\/11\/Choco-Muse-600.jpg","type":"image\/jpeg"}],"twitter_card":"summary_large_image","schema":{"@context":"https:\/\/schema.org","@graph":[{"@type":"Organization","@id":"https:\/\/burgerscoici.ro\/delivery\/#organization","name":"Burger si Scoici","url":"https:\/\/burgerscoici.ro\/delivery\/","sameAs":["https:\/\/www.instagram.com\/burgersiscoici\/","https:\/\/www.facebook.com\/burgersiscoici"],"logo":{"@type":"ImageObject","inLanguage":"ro-RO","@id":"https:\/\/burgerscoici.ro\/delivery\/#\/schema\/logo\/image\/","url":"https:\/\/burgerscoici.ro\/delivery\/wp-content\/uploads\/2021\/10\/cropped-logo_2x_black.png","contentUrl":"https:\/\/burgerscoici.ro\/delivery\/wp-content\/uploads\/2021\/10\/cropped-logo_2x_black.png","width":241,"height":99,"caption":"Burger si Scoici"},"image":{"@id":"https:\/\/burgerscoici.ro\/delivery\/#\/schema\/logo\/image\/"}},{"@type":"WebSite","@id":"https:\/\/burgerscoici.ro\/delivery\/#website","url":"https:\/\/burgerscoici.ro\/delivery\/","name":"Burger Scoici Delivery","description":"Delivery Bucuresti","publisher":{"@id":"https:\/\/burgerscoici.ro\/delivery\/#organization"},"potentialAction":[{"@type":"SearchAction","target":{"@type":"EntryPoint","urlTemplate":"https:\/\/burgerscoici.ro\/delivery\/?s={search_term_string}"},"query-input":"required name=search_term_string"}],"inLanguage":"ro-RO"},{"@type":"WebPage","@id":"https:\/\/burgerscoici.ro\/delivery\/product\/choco-muse-cozonac-insiropat-cu-vinars-si-ciocolata-belgiana-1kg\/","url":"https:\/\/burgerscoici.ro\/delivery\/product\/choco-muse-cozonac-insiropat-cu-vinars-si-ciocolata-belgiana-1kg\/","name":"CHOCO MUSE-Cozonac insiropat cu vinars si ciocolata belgiana -- 1kg | Burger si Scoici Delivery","isPartOf":{"@id":"https:\/\/burgerscoici.ro\/delivery\/#website"},"datePublished":"2022-11-22T16:32:36+00:00","dateModified":"2022-12-02T13:05:09+00:00","breadcrumb":{"@id":"https:\/\/burgerscoici.ro\/delivery\/product\/choco-muse-cozonac-insiropat-cu-vinars-si-ciocolata-belgiana-1kg\/#breadcrumb"},"inLanguage":"ro-RO","potentialAction":[{"@type":"ReadAction","target":["https:\/\/burgerscoici.ro\/delivery\/product\/choco-muse-cozonac-insiropat-cu-vinars-si-ciocolata-belgiana-1kg\/"]}]},{"@type":"BreadcrumbList","@id":"https:\/\/burgerscoici.ro\/delivery\/product\/choco-muse-cozonac-insiropat-cu-vinars-si-ciocolata-belgiana-1kg\/#breadcrumb","itemListElement":[{"@type":"ListItem","position":1,"name":"Prima pagin\u0103","item":"https:\/\/burgerscoici.ro\/delivery\/"},{"@type":"ListItem","position":2,"name":"Shop","item":"https:\/\/burgerscoici.ro\/delivery\/shop\/"},{"@type":"ListItem","position":3,"name":"CHOCO MUSE-Cozonac insiropat cu vinars si ciocolata belgiana &#8212; 1kg"}]}]}},"_links":{"self":[{"href":"https:\/\/burgerscoici.ro\/delivery\/wp-json\/wp\/v2\/product\/17626"}],"collection":[{"href":"https:\/\/burgerscoici.ro\/delivery\/wp-json\/wp\/v2\/product"}],"about":[{"href":"https:\/\/burgerscoici.ro\/delivery\/wp-json\/wp\/v2\/types\/product"}],"replies":[{"embeddable":true,"href":"https:\/\/burgerscoici.ro\/delivery\/wp-json\/wp\/v2\/comments?post=17626"}],"wp:featuredmedia":[{"embeddable":true,"href":"https:\/\/burgerscoici.ro\/delivery\/wp-json\/wp\/v2\/media\/17643"}],"wp:attachment":[{"href":"https:\/\/burgerscoici.ro\/delivery\/wp-json\/wp\/v2\/media?parent=17626"}],"wp:term":[{"taxonomy":"product_cat","embeddable":true,"href":"https:\/\/burgerscoici.ro\/delivery\/wp-json\/wp\/v2\/product_cat?post=17626"},{"taxonomy":"product_tag","embeddable":true,"href":"https:\/\/burgerscoici.ro\/delivery\/wp-json\/wp\/v2\/product_tag?post=17626"}],"curies":[{"name":"wp","href":"https:\/\/api.w.org\/{rel}","templated":true}]}}